{"id":2634,"date":"2021-09-24T16:17:10","date_gmt":"2021-09-24T14:17:10","guid":{"rendered":"https:\/\/www.croixblanchedesologne.com\/restaurant"},"modified":"2024-05-08T11:33:44","modified_gmt":"2024-05-08T09:33:44","slug":"seminaire-evenements-prives","status":"publish","type":"page","link":"https:\/\/www.croixblanchedesologne.com\/en\/private-events-seminar","title":{"rendered":"Seminars - Private events"},"content":{"rendered":"<div class=\"wpb-content-wrapper\"><div data-vc-full-width=\"true\" data-vc-full-width-temp=\"true\" data-vc-full-width-init=\"false\" data-vc-parallax=\"1.5\" data-vc-parallax-image=\"https:\/\/www.croixblanchedesologne.com\/wp-content\/uploads\/2022\/10\/salle_restaurant-1.jpeg\" class=\"vc_row wpb_row vc_row-fluid nd_options_vc_parallax_filter_1_5 vc_custom_1665767238463 vc_row-has-fill vc_row-o-content-middle vc_row-flex vc_general vc_parallax vc_parallax-content-moving\"><div class=\"wpb_column vc_column_container vc_col-sm-2\"><div class=\"vc_column-inner\"><div class=\"wpb_wrapper\"><\/div><\/div><\/div><div class=\"nd_options_text_align_center wpb_column vc_column_container vc_col-sm-8\"><div class=\"vc_column-inner\"><div class=\"wpb_wrapper\"> <h1 style=\"color:#ffffff;padding:px;text-align:center;font-size:40px;line-height:50px;letter-spacing: px;font-weight:lighter\" class=\"nd_options_font_size_40_important_all_iphone nd_options_first_font\">SEMINARS \/ PRIVATE EVENTS<\/h1> <div style=\"background-color:;height: 20px\" class=\"nicdark_section\"><\/div> <p style=\"color:#ffffff;padding:px;text-align:center;font-size:13px;line-height:25px;letter-spacing: 3px;font-weight:normal\" class=\"nd_options_second_font\">In the heart of Chaumont-sur-Tharonne in Sologne<\/p> <div style=\"background-color:;height: 30px\" class=\"nicdark_section\"><\/div><\/div><\/div><\/div><div class=\"wpb_column vc_column_container vc_col-sm-2\"><div class=\"vc_column-inner\"><div class=\"wpb_wrapper\"><\/div><\/div><\/div><\/div><div class=\"vc_row-full-width vc_clearfix\"><\/div><div class=\"vc_row wpb_row vc_row-fluid vc_custom_1605612509582\"><div class=\"wpb_column vc_column_container vc_col-sm-8\"><div class=\"vc_column-inner\"><div class=\"wpb_wrapper\"><div style=\"background-color:;height: 20px\" class=\"nicdark_section\"><\/div><div class=\"vc_row wpb_row vc_inner vc_row-fluid\"><div class=\"wpb_column vc_column_container vc_col-sm-12\"><div class=\"vc_column-inner\"><div class=\"wpb_wrapper\">\n\t<div class=\"wpb_text_column wpb_content_element\" >\n\t\t<div class=\"wpb_wrapper\">\n\t\t\t<p>We're with you every step of the way, from conception to completion.<\/p>\n<p>&nbsp;<\/p>\n<p>Contact us to discover our offers for your wedding, christening, communion or company seminar.<\/p>\n<p>The inn offers a room with video projector and catering service.<\/p>\n\n\t\t<\/div>\n\t<\/div>\n<\/div><\/div><\/div><\/div><div style=\"background-color:;height: 20px\" class=\"nicdark_section\"><\/div>\n\t\n\t<a style=\"border: px solid;border-radius:px;letter-spacing:2px;line-height:11px;font-size:11px;background-color:#444444;padding:15px 35px;margin:;color:#ffffff\" rel=\"\" href=\"#contact\" class=\"nicdark_display_inline_block nd_options_float_left nd_options_font_weight_bold nd_options_second_font\">contact us<\/a>\n\t\n<\/div><\/div><\/div><div class=\"wpb_column vc_column_container vc_col-sm-4\"><div class=\"vc_column-inner\"><div class=\"wpb_wrapper\"><div style=\"background-color:;height: 20px\" class=\"nicdark_section\"><\/div><div class=\"wpb_images_carousel wpb_content_element vc_clearfix wpb_content_element imgfit\"><div class=\"wpb_wrapper\"><div id=\"vc_images-carousel-1-1778163161\" data-ride=\"vc_carousel\" data-wrap=\"true\" style=\"width: 280px;\" data-interval=\"4000\" data-auto-height=\"yes\" data-mode=\"horizontal\" data-partial=\"false\" data-per-view=\"1\" data-hide-on-end=\"false\" class=\"vc_slide vc_images_carousel\"><div class=\"vc_carousel-inner\"><div class=\"vc_carousel-slideline\"><div class=\"vc_carousel-slideline-inner\"><div class=\"vc_item\"><div class=\"vc_inner\"><a class=\"\" href=\"https:\/\/www.croixblanchedesologne.com\/wp-content\/uploads\/2021\/09\/seminaire-sologne-1024x683.jpeg\" data-lightbox=\"lightbox[rel-2634-567265615]\"><img decoding=\"async\" class=\"\" src=\"https:\/\/www.croixblanchedesologne.com\/wp-content\/uploads\/2021\/09\/seminaire-sologne-280x280.jpeg\" width=\"280\" height=\"280\" alt=\"seminaire-sologne\" title=\"seminaire-sologne\" loading=\"lazy\" \/><\/a><\/div><\/div><div class=\"vc_item\"><div class=\"vc_inner\"><a class=\"\" href=\"https:\/\/www.croixblanchedesologne.com\/wp-content\/uploads\/2021\/09\/seminaire-en-sologne-1024x683.jpeg\" data-lightbox=\"lightbox[rel-2634-567265615]\"><img decoding=\"async\" class=\"\" src=\"https:\/\/www.croixblanchedesologne.com\/wp-content\/uploads\/2021\/09\/seminaire-en-sologne-280x280.jpeg\" width=\"280\" height=\"280\" alt=\"seminaire-en-sologne\" title=\"seminaire-en-sologne\" loading=\"lazy\" \/><\/a><\/div><\/div><\/div><\/div><\/div><a class=\"vc_left vc_carousel-control\" href=\"#vc_images-carousel-1-1778163161\" data-slide=\"prev\"><span class=\"icon-prev\"><\/span><\/a><a class=\"vc_right vc_carousel-control\" href=\"#vc_images-carousel-1-1778163161\" data-slide=\"next\"><span class=\"icon-next\"><\/span><\/a><\/div><\/div><\/div><\/div><\/div><\/div><\/div><div class=\"vc_row wpb_row vc_row-fluid vc_custom_1605611924688\"><div class=\"nd_options_text_align_center wpb_column vc_column_container vc_col-sm-4 vc_col-has-fill\"><div class=\"vc_column-inner vc_custom_1630681562662\"><div class=\"wpb_wrapper\"><div class=\"vc_row wpb_row vc_inner vc_row-fluid\"><div class=\"wpb_column vc_column_container vc_col-sm-12\"><div class=\"vc_column-inner vc_custom_1630681572181\"><div class=\"wpb_wrapper\">\n\t<div  class=\"wpb_single_image wpb_content_element vc_align_center wpb_content_element\">\n\t\t\n\t\t<figure class=\"wpb_wrapper vc_figure\">\n\t\t\t<div class=\"vc_single_image-wrapper   vc_box_border_grey\"><img decoding=\"async\" class=\"vc_single_image-img\" src=\"https:\/\/www.croixblanchedesologne.com\/wp-content\/uploads\/2020\/11\/AC-LYS-arrow-separators-1-30x30.png\" width=\"30\" height=\"30\" alt=\"AC-LYS-arrow-separators\" title=\"AC-LYS-arrow-separators\" loading=\"lazy\" \/><\/div>\n\t\t<\/figure>\n\t<\/div>\n<div style=\"background-color:;height: 5px\" class=\"nicdark_section\"><\/div> <h2 style=\"color:#ffffff;padding:px;text-align:center;font-size:25px;line-height:25px;letter-spacing: px;font-weight:normal\" class=\"nd_options_first_font\">Meetings<\/h2> <div style=\"background-color:;height: 30px\" class=\"nicdark_section\"><\/div><\/div><\/div><\/div><\/div><\/div><\/div><\/div><div class=\"nd_options_text_align_center wpb_column vc_column_container vc_col-sm-4 vc_col-has-fill\"><div class=\"vc_column-inner vc_custom_1632497230611\"><div class=\"wpb_wrapper\"><div class=\"vc_row wpb_row vc_inner vc_row-fluid\"><div class=\"wpb_column vc_column_container vc_col-sm-12\"><div class=\"vc_column-inner vc_custom_1493221459476\"><div class=\"wpb_wrapper\">\n\t<div  class=\"wpb_single_image wpb_content_element vc_align_center wpb_content_element\">\n\t\t\n\t\t<figure class=\"wpb_wrapper vc_figure\">\n\t\t\t<div class=\"vc_single_image-wrapper   vc_box_border_grey\"><img decoding=\"async\" class=\"vc_single_image-img\" src=\"https:\/\/www.croixblanchedesologne.com\/wp-content\/uploads\/2020\/11\/AC-LYS-arrow-separators-1-30x30.png\" width=\"30\" height=\"30\" alt=\"AC-LYS-arrow-separators\" title=\"AC-LYS-arrow-separators\" loading=\"lazy\" \/><\/div>\n\t\t<\/figure>\n\t<\/div>\n<div style=\"background-color:;height: 5px\" class=\"nicdark_section\"><\/div> <h2 style=\"color:#0a0a0a;padding:px;text-align:center;font-size:25px;line-height:25px;letter-spacing: px;font-weight:normal\" class=\"nd_options_first_font\">Events<\/h2> <div style=\"background-color:;height: 90px\" class=\"nicdark_section\"><\/div><\/div><\/div><\/div><\/div><\/div><\/div><\/div><div class=\"nd_options_text_align_center wpb_column vc_column_container vc_col-sm-4 vc_col-has-fill\"><div class=\"vc_column-inner vc_custom_1630681610319\"><div class=\"wpb_wrapper\"><div class=\"vc_row wpb_row vc_inner vc_row-fluid\"><div class=\"wpb_column vc_column_container vc_col-sm-12\"><div class=\"vc_column-inner vc_custom_1493221469995\"><div class=\"wpb_wrapper\">\n\t<div  class=\"wpb_single_image wpb_content_element vc_align_center wpb_content_element\">\n\t\t\n\t\t<figure class=\"wpb_wrapper vc_figure\">\n\t\t\t<div class=\"vc_single_image-wrapper   vc_box_border_grey\"><img decoding=\"async\" class=\"vc_single_image-img\" src=\"https:\/\/www.croixblanchedesologne.com\/wp-content\/uploads\/2020\/11\/AC-LYS-arrow-separators-1-30x30.png\" width=\"30\" height=\"30\" alt=\"AC-LYS-arrow-separators\" title=\"AC-LYS-arrow-separators\" loading=\"lazy\" \/><\/div>\n\t\t<\/figure>\n\t<\/div>\n<div style=\"background-color:;height: 5px\" class=\"nicdark_section\"><\/div> <h2 style=\"color:#ffffff;padding:px;text-align:center;font-size:25px;line-height:25px;letter-spacing: px;font-weight:normal\" class=\"nd_options_first_font\">Seminars<\/h2> <div style=\"background-color:;height: 30px\" class=\"nicdark_section\"><\/div><\/div><\/div><\/div><\/div><\/div><\/div><\/div><\/div><div data-vc-full-width=\"true\" data-vc-full-width-temp=\"true\" data-vc-full-width-init=\"false\" data-vc-parallax=\"1.5\" data-vc-parallax-image=\"https:\/\/www.croixblanchedesologne.com\/wp-content\/uploads\/2021\/09\/70prct-seminaire-reunion-sologne-.jpeg\" class=\"vc_row wpb_row vc_row-fluid nd_options_vc_parallax_filter_2_4 vc_custom_1632494910925 vc_row-has-fill vc_general vc_parallax vc_parallax-content-moving\"><div class=\"wpb_column vc_column_container vc_col-sm-6\"><div class=\"vc_column-inner\"><div class=\"wpb_wrapper\">\n\n\n    <div class=\"nd_options_section nd_options_position_relative nd_options_about_service_l5 h1smallermobile\">\n        <img decoding=\"async\" alt=\"\" class=\"nd_options_position_absolute nd_options_left_0\" width=\"55\" src=\"\">\n        <div class=\"nd_options_section nd_options_padding_left_80 nd_options_box_sizing_border_box\">\n            <h1 class=\"nd_options_font_size_40 nd_options_line_height_50\" style=\"color:#ffffff\"><strong>Organize a meeting<\/strong><\/h1>\n        <\/div>\n    <\/div>\n\n\n  \n\t<div class=\"wpb_text_column wpb_content_element\" >\n\t\t<div class=\"wpb_wrapper\">\n\t\t\t<p><span style=\"color: #ffffff;\">\u00a0Small or large. Informal or formal. Classic or unusual. For a day or a few hours... Whatever the meeting you're planning, we have the solution to suit your budget.<\/span><\/p>\n<p><span style=\"color: #ffffff;\"><strong>Services<\/strong>\u00a0:<\/span><br \/>\n<span style=\"color: #ffffff;\">Meeting room, catering (2 breaks, lunch, water + coffee)<\/span><\/p>\n<p><span style=\"color: #ffffff;\"><strong>Audiovisual<\/strong>\u00a0Projector + screen<\/span><\/p>\n\n\t\t<\/div>\n\t<\/div>\n<div style=\"background-color:;height: 70px\" class=\"nicdark_section\"><\/div><\/div><\/div><\/div><div class=\"wpb_column vc_column_container vc_col-sm-6\"><div class=\"vc_column-inner\"><div class=\"wpb_wrapper\">\n\n\n    <div class=\"nd_options_section nd_options_position_relative nd_options_about_service_l5 h1smallermobile\">\n        <img decoding=\"async\" alt=\"\" class=\"nd_options_position_absolute nd_options_left_0\" width=\"55\" src=\"\">\n        <div class=\"nd_options_section nd_options_padding_left_80 nd_options_box_sizing_border_box\">\n            <h1 class=\"nd_options_font_size_40 nd_options_line_height_50\" style=\"color:#ffffff\"><strong>Company event or party<\/strong><\/h1>\n        <\/div>\n    <\/div>\n\n\n  <div style=\"background-color:;height: 20px\" class=\"nicdark_section\"><\/div>\n\t<div class=\"wpb_text_column wpb_content_element\" >\n\t\t<div class=\"wpb_wrapper\">\n\t\t\t<p><span style=\"color: #ffffff;\">A corporate evening is a special moment to create magic and<\/span><br \/>\n<span style=\"color: #ffffff;\">to leave a lasting impression. Celebrate with us!<\/span><\/p>\n<p><span style=\"color: #ffffff;\"><strong>Services<\/strong>\u00a0:<\/span><br \/>\n<span style=\"color: #ffffff;\">Meeting room, catering (2 breaks, lunch, water + coffee)<\/span><\/p>\n<p><span style=\"color: #ffffff;\"><strong>Audiovisual<\/strong>\u00a0Projector + screen<\/span><\/p>\n\n\t\t<\/div>\n\t<\/div>\n<\/div><\/div><\/div><\/div><div class=\"vc_row-full-width vc_clearfix\"><\/div><div data-vc-full-width=\"true\" data-vc-full-width-temp=\"true\" data-vc-full-width-init=\"false\" data-vc-parallax=\"1.5\" data-vc-parallax-image=\"https:\/\/www.croixblanchedesologne.com\/wp-content\/uploads\/2021\/09\/70prct-seminaire-sologne-1.jpeg\" class=\"vc_row wpb_row vc_row-fluid vc_custom_1632495220208 vc_row-has-fill vc_general vc_parallax vc_parallax-content-moving\"><div class=\"wpb_column vc_column_container vc_col-sm-6\"><div class=\"vc_column-inner\"><div class=\"wpb_wrapper\">\n\n\n    <div class=\"nd_options_section nd_options_position_relative nd_options_about_service_l5 h1smallermobile\">\n        <img decoding=\"async\" alt=\"\" class=\"nd_options_position_absolute nd_options_left_0\" width=\"55\" src=\"\">\n        <div class=\"nd_options_section nd_options_padding_left_80 nd_options_box_sizing_border_box\">\n            <h1 class=\"nd_options_font_size_40 nd_options_line_height_50\" style=\"color:#0a0a0a\"><strong>Planning a seminar<\/strong><\/h1>\n        <\/div>\n    <\/div>\n\n\n  <div style=\"background-color:;height: 70px\" class=\"nicdark_section\"><\/div>\n\t<div class=\"wpb_text_column wpb_content_element\" >\n\t\t<div class=\"wpb_wrapper\">\n\t\t\t<p>Combine work and relaxation to promote team cohesion.<\/p>\n<p><strong>Services<\/strong>\u00a0:<br \/>\nMeeting room &amp; catering ( 2 breaks, lunch, water + coffee)<\/p>\n<p><strong>Audiovisual<\/strong>\u00a0Projector + screen<\/p>\n\n\t\t<\/div>\n\t<\/div>\n<\/div><\/div><\/div><div class=\"wpb_column vc_column_container vc_col-sm-6\"><div class=\"vc_column-inner\"><div class=\"wpb_wrapper\">\n\n\n    <div class=\"nd_options_section nd_options_position_relative nd_options_about_service_l5 h1smallermobile\">\n        <img decoding=\"async\" alt=\"\" class=\"nd_options_position_absolute nd_options_left_0\" width=\"55\" src=\"\">\n        <div class=\"nd_options_section nd_options_padding_left_80 nd_options_box_sizing_border_box\">\n            <h1 class=\"nd_options_font_size_40 nd_options_line_height_50\" style=\"color:#0a0a0a\"><strong>Organize a private event<\/strong><\/h1>\n        <\/div>\n    <\/div>\n\n\n  <div style=\"background-color:;height: 20px\" class=\"nicdark_section\"><\/div>\n\t<div class=\"wpb_text_column wpb_content_element\" >\n\t\t<div class=\"wpb_wrapper\">\n\t\t\t<p>Weddings, birthdays, anniversaries, retirements... There are some unique moments that can be<br \/>\nto be remembered.<\/p>\n<p><strong>Services<\/strong>\u00a0:<br \/>\nReception hall and Catering: Champagne, customized menu<\/p>\n<p><strong>Audiovisual<\/strong>\u00a0On request<\/p>\n\n\t\t<\/div>\n\t<\/div>\n<\/div><\/div><\/div><\/div><div class=\"vc_row-full-width vc_clearfix\"><\/div>\n<\/div>","protected":false},"excerpt":{"rendered":"SEMINARS \/ PRIVATE EVENTS In the heart of Chaumont-sur-Tharonne in the Sologne region of France, we're with you every step of the way to organize your business and private events, from conception to completion.   Contact us to find out what we can do for your wedding, christening, communion or corporate seminar. The auberge offers you a room with video projector and [...]","protected":false},"author":1,"featured_media":0,"parent":0,"menu_order":0,"comment_status":"closed","ping_status":"closed","template":"","meta":{"footnotes":""},"class_list":["post-2634","page","type-page","status-publish","hentry"],"yoast_head":"<!-- This site is optimized with the Yoast SEO plugin v27.5 - https:\/\/yoast.com\/product\/yoast-seo-wordpress\/ -->\n<title>Seminaire - Evenements priv\u00e9s - H\u00f4tel Restaurant La Croix Blanche de Sologne<\/title>\n<meta name=\"description\" content=\"Restaurant gastronomique en Sologne \u00e0 Chaumont sur Tharonne en Sologne, hotel restaurant auberge La Croix Blanche de Sologne\" \/>\n<meta name=\"robots\" content=\"index, follow, max-snippet:-1, max-image-preview:large, max-video-preview:-1\" \/>\n<link rel=\"canonical\" href=\"https:\/\/www.croixblanchedesologne.com\/en\/private-events-seminar\" \/>\n<meta property=\"og:locale\" content=\"en_US\" \/>\n<meta property=\"og:type\" content=\"article\" \/>\n<meta property=\"og:title\" content=\"Seminaire - Evenements priv\u00e9s - H\u00f4tel Restaurant La Croix Blanche de Sologne\" \/>\n<meta property=\"og:description\" content=\"Restaurant gastronomique en Sologne \u00e0 Chaumont sur Tharonne en Sologne, hotel restaurant auberge La Croix Blanche de Sologne\" \/>\n<meta property=\"og:url\" content=\"https:\/\/www.croixblanchedesologne.com\/en\/private-events-seminar\" \/>\n<meta property=\"og:site_name\" content=\"H\u00f4tel Restaurant La Croix Blanche de Sologne\" \/>\n<meta property=\"article:modified_time\" content=\"2024-05-08T09:33:44+00:00\" \/>\n<meta name=\"twitter:card\" content=\"summary_large_image\" \/>\n<meta name=\"twitter:label1\" content=\"Est. reading time\" \/>\n\t<meta name=\"twitter:data1\" content=\"4 minutes\" \/>\n<script type=\"application\/ld+json\" class=\"yoast-schema-graph\">{\"@context\":\"https:\\\/\\\/schema.org\",\"@graph\":[{\"@type\":\"WebPage\",\"@id\":\"https:\\\/\\\/www.croixblanchedesologne.com\\\/seminaire-evenements-prives\",\"url\":\"https:\\\/\\\/www.croixblanchedesologne.com\\\/seminaire-evenements-prives\",\"name\":\"Seminaire - Evenements priv\u00e9s - H\u00f4tel Restaurant La Croix Blanche de Sologne\",\"isPartOf\":{\"@id\":\"http:\\\/\\\/www.croixblanchedesologne.com\\\/en\\\/hotel-de-la-croix-blanche-de-sologne-english\\\/#website\"},\"datePublished\":\"2021-09-24T14:17:10+00:00\",\"dateModified\":\"2024-05-08T09:33:44+00:00\",\"description\":\"Restaurant gastronomique en Sologne \u00e0 Chaumont sur Tharonne en Sologne, hotel restaurant auberge La Croix Blanche de Sologne\",\"breadcrumb\":{\"@id\":\"https:\\\/\\\/www.croixblanchedesologne.com\\\/seminaire-evenements-prives#breadcrumb\"},\"inLanguage\":\"en-US\",\"potentialAction\":[{\"@type\":\"ReadAction\",\"target\":[\"https:\\\/\\\/www.croixblanchedesologne.com\\\/seminaire-evenements-prives\"]}]},{\"@type\":\"BreadcrumbList\",\"@id\":\"https:\\\/\\\/www.croixblanchedesologne.com\\\/seminaire-evenements-prives#breadcrumb\",\"itemListElement\":[{\"@type\":\"ListItem\",\"position\":1,\"name\":\"Accueil\",\"item\":\"https:\\\/\\\/www.croixblanchedesologne.com\\\/\"},{\"@type\":\"ListItem\",\"position\":2,\"name\":\"Seminaire &#8211; Evenements priv\u00e9s\"}]},{\"@type\":\"WebSite\",\"@id\":\"http:\\\/\\\/www.croixblanchedesologne.com\\\/en\\\/hotel-de-la-croix-blanche-de-sologne-english\\\/#website\",\"url\":\"http:\\\/\\\/www.croixblanchedesologne.com\\\/en\\\/hotel-de-la-croix-blanche-de-sologne-english\\\/\",\"name\":\"H\u00f4tel Restaurant La Croix Blanche de Sologne\",\"description\":\"Hotel Restaurant en Sologne\",\"publisher\":{\"@id\":\"http:\\\/\\\/www.croixblanchedesologne.com\\\/en\\\/hotel-de-la-croix-blanche-de-sologne-english\\\/#organization\"},\"potentialAction\":[{\"@type\":\"SearchAction\",\"target\":{\"@type\":\"EntryPoint\",\"urlTemplate\":\"http:\\\/\\\/www.croixblanchedesologne.com\\\/en\\\/hotel-de-la-croix-blanche-de-sologne-english\\\/?s={search_term_string}\"},\"query-input\":{\"@type\":\"PropertyValueSpecification\",\"valueRequired\":true,\"valueName\":\"search_term_string\"}}],\"inLanguage\":\"en-US\"},{\"@type\":\"Organization\",\"@id\":\"http:\\\/\\\/www.croixblanchedesologne.com\\\/en\\\/hotel-de-la-croix-blanche-de-sologne-english\\\/#organization\",\"name\":\"H\u00f4tel Restaurant La Croix Blanche de Sologne\",\"url\":\"http:\\\/\\\/www.croixblanchedesologne.com\\\/en\\\/hotel-de-la-croix-blanche-de-sologne-english\\\/\",\"logo\":{\"@type\":\"ImageObject\",\"inLanguage\":\"en-US\",\"@id\":\"http:\\\/\\\/www.croixblanchedesologne.com\\\/en\\\/hotel-de-la-croix-blanche-de-sologne-english\\\/#\\\/schema\\\/logo\\\/image\\\/\",\"url\":\"https:\\\/\\\/www.croixblanchedesologne.com\\\/wp-content\\\/uploads\\\/2020\\\/11\\\/logo-black.jpg\",\"contentUrl\":\"https:\\\/\\\/www.croixblanchedesologne.com\\\/wp-content\\\/uploads\\\/2020\\\/11\\\/logo-black.jpg\",\"width\":1090,\"height\":226,\"caption\":\"H\u00f4tel Restaurant La Croix Blanche de Sologne\"},\"image\":{\"@id\":\"http:\\\/\\\/www.croixblanchedesologne.com\\\/en\\\/hotel-de-la-croix-blanche-de-sologne-english\\\/#\\\/schema\\\/logo\\\/image\\\/\"}}]}<\/script>\n<!-- \/ Yoast SEO plugin. -->","yoast_head_json":{"title":"Seminaire - Evenements priv\u00e9s - H\u00f4tel Restaurant La Croix Blanche de Sologne","description":"Restaurant gastronomique en Sologne \u00e0 Chaumont sur Tharonne en Sologne, hotel restaurant auberge La Croix Blanche de Sologne","robots":{"index":"index","follow":"follow","max-snippet":"max-snippet:-1","max-image-preview":"max-image-preview:large","max-video-preview":"max-video-preview:-1"},"canonical":"https:\/\/www.croixblanchedesologne.com\/en\/private-events-seminar","og_locale":"en_US","og_type":"article","og_title":"Seminaire - Evenements priv\u00e9s - H\u00f4tel Restaurant La Croix Blanche de Sologne","og_description":"Restaurant gastronomique en Sologne \u00e0 Chaumont sur Tharonne en Sologne, hotel restaurant auberge La Croix Blanche de Sologne","og_url":"https:\/\/www.croixblanchedesologne.com\/en\/private-events-seminar","og_site_name":"H\u00f4tel Restaurant La Croix Blanche de Sologne","article_modified_time":"2024-05-08T09:33:44+00:00","twitter_card":"summary_large_image","twitter_misc":{"Est. reading time":"4 minutes"},"schema":{"@context":"https:\/\/schema.org","@graph":[{"@type":"WebPage","@id":"https:\/\/www.croixblanchedesologne.com\/seminaire-evenements-prives","url":"https:\/\/www.croixblanchedesologne.com\/seminaire-evenements-prives","name":"Seminaire - Evenements priv\u00e9s - H\u00f4tel Restaurant La Croix Blanche de Sologne","isPartOf":{"@id":"http:\/\/www.croixblanchedesologne.com\/en\/hotel-de-la-croix-blanche-de-sologne-english\/#website"},"datePublished":"2021-09-24T14:17:10+00:00","dateModified":"2024-05-08T09:33:44+00:00","description":"Restaurant gastronomique en Sologne \u00e0 Chaumont sur Tharonne en Sologne, hotel restaurant auberge La Croix Blanche de Sologne","breadcrumb":{"@id":"https:\/\/www.croixblanchedesologne.com\/seminaire-evenements-prives#breadcrumb"},"inLanguage":"en-US","potentialAction":[{"@type":"ReadAction","target":["https:\/\/www.croixblanchedesologne.com\/seminaire-evenements-prives"]}]},{"@type":"BreadcrumbList","@id":"https:\/\/www.croixblanchedesologne.com\/seminaire-evenements-prives#breadcrumb","itemListElement":[{"@type":"ListItem","position":1,"name":"Accueil","item":"https:\/\/www.croixblanchedesologne.com\/"},{"@type":"ListItem","position":2,"name":"Seminaire &#8211; Evenements priv\u00e9s"}]},{"@type":"WebSite","@id":"http:\/\/www.croixblanchedesologne.com\/en\/hotel-de-la-croix-blanche-de-sologne-english\/#website","url":"http:\/\/www.croixblanchedesologne.com\/en\/hotel-de-la-croix-blanche-de-sologne-english\/","name":"H\u00f4tel Restaurant La Croix Blanche de Sologne","description":"Hotel Restaurant en Sologne","publisher":{"@id":"http:\/\/www.croixblanchedesologne.com\/en\/hotel-de-la-croix-blanche-de-sologne-english\/#organization"},"potentialAction":[{"@type":"SearchAction","target":{"@type":"EntryPoint","urlTemplate":"http:\/\/www.croixblanchedesologne.com\/en\/hotel-de-la-croix-blanche-de-sologne-english\/?s={search_term_string}"},"query-input":{"@type":"PropertyValueSpecification","valueRequired":true,"valueName":"search_term_string"}}],"inLanguage":"en-US"},{"@type":"Organization","@id":"http:\/\/www.croixblanchedesologne.com\/en\/hotel-de-la-croix-blanche-de-sologne-english\/#organization","name":"H\u00f4tel Restaurant La Croix Blanche de Sologne","url":"http:\/\/www.croixblanchedesologne.com\/en\/hotel-de-la-croix-blanche-de-sologne-english\/","logo":{"@type":"ImageObject","inLanguage":"en-US","@id":"http:\/\/www.croixblanchedesologne.com\/en\/hotel-de-la-croix-blanche-de-sologne-english\/#\/schema\/logo\/image\/","url":"https:\/\/www.croixblanchedesologne.com\/wp-content\/uploads\/2020\/11\/logo-black.jpg","contentUrl":"https:\/\/www.croixblanchedesologne.com\/wp-content\/uploads\/2020\/11\/logo-black.jpg","width":1090,"height":226,"caption":"H\u00f4tel Restaurant La Croix Blanche de Sologne"},"image":{"@id":"http:\/\/www.croixblanchedesologne.com\/en\/hotel-de-la-croix-blanche-de-sologne-english\/#\/schema\/logo\/image\/"}}]}},"_links":{"self":[{"href":"https:\/\/www.croixblanchedesologne.com\/en\/wp-json\/wp\/v2\/pages\/2634","targetHints":{"allow":["GET"]}}],"collection":[{"href":"https:\/\/www.croixblanchedesologne.com\/en\/wp-json\/wp\/v2\/pages"}],"about":[{"href":"https:\/\/www.croixblanchedesologne.com\/en\/wp-json\/wp\/v2\/types\/page"}],"author":[{"embeddable":true,"href":"https:\/\/www.croixblanchedesologne.com\/en\/wp-json\/wp\/v2\/users\/1"}],"replies":[{"embeddable":true,"href":"https:\/\/www.croixblanchedesologne.com\/en\/wp-json\/wp\/v2\/comments?post=2634"}],"version-history":[{"count":0,"href":"https:\/\/www.croixblanchedesologne.com\/en\/wp-json\/wp\/v2\/pages\/2634\/revisions"}],"wp:attachment":[{"href":"https:\/\/www.croixblanchedesologne.com\/en\/wp-json\/wp\/v2\/media?parent=2634"}],"curies":[{"name":"wp","href":"https:\/\/api.w.org\/{rel}","templated":true}]}}