{"id":28,"date":"2017-06-30T09:54:09","date_gmt":"2017-06-30T09:54:09","guid":{"rendered":"http:\/\/www.nicdarkthemes.com\/themes\/hotel\/wp\/demo\/?page_id=28"},"modified":"2024-05-08T11:32:29","modified_gmt":"2024-05-08T09:32:29","slug":"reservation-hotel-sologne","status":"publish","type":"page","link":"https:\/\/www.croixblanchedesologne.com\/en\/sologne-hotel-reservation","title":{"rendered":"Hotel Sologne reservation"},"content":{"rendered":"<div class=\"wpb-content-wrapper\"><div data-vc-full-width=\"true\" data-vc-full-width-temp=\"true\" data-vc-full-width-init=\"false\" data-vc-parallax=\"1.5\" data-vc-parallax-image=\"https:\/\/www.croixblanchedesologne.com\/wp-content\/uploads\/2020\/11\/Double-deluxe-Suite-No-4-WhatsApp-Image-2020-10-16-at-12.23.54.jpg\" class=\"vc_row wpb_row vc_row-fluid nd_options_vc_parallax_filter_1_3 vc_custom_1605608850661 vc_row-has-fill vc_row-o-content-bottom vc_row-flex vc_general vc_parallax vc_parallax-content-moving\"><div class=\"wpb_column vc_column_container vc_col-sm-2\"><div class=\"vc_column-inner\"><div class=\"wpb_wrapper\"><\/div><\/div><\/div><div class=\"nd_options_text_align_center wpb_column vc_column_container vc_col-sm-8\"><div class=\"vc_column-inner\"><div class=\"wpb_wrapper\"> <h1 style=\"color:#ffffff;padding:px;text-align:center;font-size:50px;line-height:50px;letter-spacing: px;font-weight:normal\" class=\"nd_options_font_size_40_important_all_iphone nd_options_first_font\">RESERVATION<\/h1> <div style=\"background-color:;height: 20px\" class=\"nicdark_section\"><\/div> <p style=\"color:#ffffff;padding:px;text-align:center;font-size:13px;line-height:25px;letter-spacing: 3px;font-weight:normal\" class=\"nd_options_second_font\">Book a room or suite at the best rate. Transactions are 100% secure. Contact the hotel for any question<\/p> <div style=\"background-color:;height: 30px\" class=\"nicdark_section\"><\/div><\/div><\/div><\/div><div class=\"wpb_column vc_column_container vc_col-sm-2\"><div class=\"vc_column-inner\"><div class=\"wpb_wrapper\"><\/div><\/div><\/div><\/div><div class=\"vc_row-full-width vc_clearfix\"><\/div><div class=\"vc_row wpb_row vc_row-fluid vc_custom_1605608893174\"><div class=\"wpb_column vc_column_container vc_col-sm-12\"><div class=\"vc_column-inner\"><div class=\"wpb_wrapper\">\n\t<div class=\"wpb_text_column wpb_content_element\" >\n\t\t<div class=\"wpb_wrapper\">\n\t\t\t\n\n\t\t<\/div>\n\t<\/div>\n<\/div><\/div><\/div><\/div>\n<\/div>","protected":false},"excerpt":{"rendered":"RESERVATION Book a room or suite at the best rate. Transactions are 100% secure. Contact the hotel for any question","protected":false},"author":1,"featured_media":0,"parent":0,"menu_order":0,"comment_status":"closed","ping_status":"closed","template":"","meta":{"footnotes":""},"class_list":["post-28","page","type-page","status-publish","hentry"],"yoast_head":"<!-- This site is optimized with the Yoast SEO plugin v27.5 - https:\/\/yoast.com\/product\/yoast-seo-wordpress\/ -->\n<title>Reservation Hotel Sologne - H\u00f4tel Restaurant La Croix Blanche de Sologne<\/title>\n<meta name=\"description\" content=\"R\u00e9server une chambre \u00e0 l&#039;h\u00f4tel \u00e0 Chaumont sur Tharonne en Sologne, hotel restaurant auberge La Croix Blanche de Sologne. Meilleur tarif\" \/>\n<meta name=\"robots\" content=\"index, follow, max-snippet:-1, max-image-preview:large, max-video-preview:-1\" \/>\n<link rel=\"canonical\" href=\"https:\/\/www.croixblanchedesologne.com\/en\/sologne-hotel-reservation\" \/>\n<meta property=\"og:locale\" content=\"en_US\" \/>\n<meta property=\"og:type\" content=\"article\" \/>\n<meta property=\"og:title\" content=\"Reservation Hotel Sologne - H\u00f4tel Restaurant La Croix Blanche de Sologne\" \/>\n<meta property=\"og:description\" content=\"R\u00e9server une chambre \u00e0 l&#039;h\u00f4tel \u00e0 Chaumont sur Tharonne en Sologne, hotel restaurant auberge La Croix Blanche de Sologne. Meilleur tarif\" \/>\n<meta property=\"og:url\" content=\"https:\/\/www.croixblanchedesologne.com\/en\/sologne-hotel-reservation\" \/>\n<meta property=\"og:site_name\" content=\"H\u00f4tel Restaurant La Croix Blanche de Sologne\" \/>\n<meta property=\"article:modified_time\" content=\"2024-05-08T09:32:29+00:00\" \/>\n<meta name=\"twitter:card\" content=\"summary_large_image\" \/>\n<meta name=\"twitter:label1\" content=\"Est. reading time\" \/>\n\t<meta name=\"twitter:data1\" content=\"1 minute\" \/>\n<script type=\"application\/ld+json\" class=\"yoast-schema-graph\">{\"@context\":\"https:\\\/\\\/schema.org\",\"@graph\":[{\"@type\":\"WebPage\",\"@id\":\"https:\\\/\\\/www.croixblanchedesologne.com\\\/reservation-hotel-sologne\",\"url\":\"https:\\\/\\\/www.croixblanchedesologne.com\\\/reservation-hotel-sologne\",\"name\":\"Reservation Hotel Sologne - H\u00f4tel Restaurant La Croix Blanche de Sologne\",\"isPartOf\":{\"@id\":\"http:\\\/\\\/www.croixblanchedesologne.com\\\/en\\\/hotel-de-la-croix-blanche-de-sologne-english\\\/#website\"},\"datePublished\":\"2017-06-30T09:54:09+00:00\",\"dateModified\":\"2024-05-08T09:32:29+00:00\",\"description\":\"R\u00e9server une chambre \u00e0 l'h\u00f4tel \u00e0 Chaumont sur Tharonne en Sologne, hotel restaurant auberge La Croix Blanche de Sologne. Meilleur tarif\",\"breadcrumb\":{\"@id\":\"https:\\\/\\\/www.croixblanchedesologne.com\\\/reservation-hotel-sologne#breadcrumb\"},\"inLanguage\":\"en-US\",\"potentialAction\":[{\"@type\":\"ReadAction\",\"target\":[\"https:\\\/\\\/www.croixblanchedesologne.com\\\/reservation-hotel-sologne\"]}]},{\"@type\":\"BreadcrumbList\",\"@id\":\"https:\\\/\\\/www.croixblanchedesologne.com\\\/reservation-hotel-sologne#breadcrumb\",\"itemListElement\":[{\"@type\":\"ListItem\",\"position\":1,\"name\":\"Accueil\",\"item\":\"https:\\\/\\\/www.croixblanchedesologne.com\\\/\"},{\"@type\":\"ListItem\",\"position\":2,\"name\":\"Reservation Hotel Sologne\"}]},{\"@type\":\"WebSite\",\"@id\":\"http:\\\/\\\/www.croixblanchedesologne.com\\\/en\\\/hotel-de-la-croix-blanche-de-sologne-english\\\/#website\",\"url\":\"http:\\\/\\\/www.croixblanchedesologne.com\\\/en\\\/hotel-de-la-croix-blanche-de-sologne-english\\\/\",\"name\":\"H\u00f4tel Restaurant La Croix Blanche de Sologne\",\"description\":\"Hotel Restaurant en Sologne\",\"publisher\":{\"@id\":\"http:\\\/\\\/www.croixblanchedesologne.com\\\/en\\\/hotel-de-la-croix-blanche-de-sologne-english\\\/#organization\"},\"potentialAction\":[{\"@type\":\"SearchAction\",\"target\":{\"@type\":\"EntryPoint\",\"urlTemplate\":\"http:\\\/\\\/www.croixblanchedesologne.com\\\/en\\\/hotel-de-la-croix-blanche-de-sologne-english\\\/?s={search_term_string}\"},\"query-input\":{\"@type\":\"PropertyValueSpecification\",\"valueRequired\":true,\"valueName\":\"search_term_string\"}}],\"inLanguage\":\"en-US\"},{\"@type\":\"Organization\",\"@id\":\"http:\\\/\\\/www.croixblanchedesologne.com\\\/en\\\/hotel-de-la-croix-blanche-de-sologne-english\\\/#organization\",\"name\":\"H\u00f4tel Restaurant La Croix Blanche de Sologne\",\"url\":\"http:\\\/\\\/www.croixblanchedesologne.com\\\/en\\\/hotel-de-la-croix-blanche-de-sologne-english\\\/\",\"logo\":{\"@type\":\"ImageObject\",\"inLanguage\":\"en-US\",\"@id\":\"http:\\\/\\\/www.croixblanchedesologne.com\\\/en\\\/hotel-de-la-croix-blanche-de-sologne-english\\\/#\\\/schema\\\/logo\\\/image\\\/\",\"url\":\"https:\\\/\\\/www.croixblanchedesologne.com\\\/wp-content\\\/uploads\\\/2020\\\/11\\\/logo-black.jpg\",\"contentUrl\":\"https:\\\/\\\/www.croixblanchedesologne.com\\\/wp-content\\\/uploads\\\/2020\\\/11\\\/logo-black.jpg\",\"width\":1090,\"height\":226,\"caption\":\"H\u00f4tel Restaurant La Croix Blanche de Sologne\"},\"image\":{\"@id\":\"http:\\\/\\\/www.croixblanchedesologne.com\\\/en\\\/hotel-de-la-croix-blanche-de-sologne-english\\\/#\\\/schema\\\/logo\\\/image\\\/\"}}]}<\/script>\n<!-- \/ Yoast SEO plugin. -->","yoast_head_json":{"title":"Reservation Hotel Sologne - H\u00f4tel Restaurant La Croix Blanche de Sologne","description":"R\u00e9server une chambre \u00e0 l'h\u00f4tel \u00e0 Chaumont sur Tharonne en Sologne, hotel restaurant auberge La Croix Blanche de Sologne. Meilleur tarif","robots":{"index":"index","follow":"follow","max-snippet":"max-snippet:-1","max-image-preview":"max-image-preview:large","max-video-preview":"max-video-preview:-1"},"canonical":"https:\/\/www.croixblanchedesologne.com\/en\/sologne-hotel-reservation","og_locale":"en_US","og_type":"article","og_title":"Reservation Hotel Sologne - H\u00f4tel Restaurant La Croix Blanche de Sologne","og_description":"R\u00e9server une chambre \u00e0 l'h\u00f4tel \u00e0 Chaumont sur Tharonne en Sologne, hotel restaurant auberge La Croix Blanche de Sologne. Meilleur tarif","og_url":"https:\/\/www.croixblanchedesologne.com\/en\/sologne-hotel-reservation","og_site_name":"H\u00f4tel Restaurant La Croix Blanche de Sologne","article_modified_time":"2024-05-08T09:32:29+00:00","twitter_card":"summary_large_image","twitter_misc":{"Est. reading time":"1 minute"},"schema":{"@context":"https:\/\/schema.org","@graph":[{"@type":"WebPage","@id":"https:\/\/www.croixblanchedesologne.com\/reservation-hotel-sologne","url":"https:\/\/www.croixblanchedesologne.com\/reservation-hotel-sologne","name":"Reservation Hotel Sologne - H\u00f4tel Restaurant La Croix Blanche de Sologne","isPartOf":{"@id":"http:\/\/www.croixblanchedesologne.com\/en\/hotel-de-la-croix-blanche-de-sologne-english\/#website"},"datePublished":"2017-06-30T09:54:09+00:00","dateModified":"2024-05-08T09:32:29+00:00","description":"R\u00e9server une chambre \u00e0 l'h\u00f4tel \u00e0 Chaumont sur Tharonne en Sologne, hotel restaurant auberge La Croix Blanche de Sologne. Meilleur tarif","breadcrumb":{"@id":"https:\/\/www.croixblanchedesologne.com\/reservation-hotel-sologne#breadcrumb"},"inLanguage":"en-US","potentialAction":[{"@type":"ReadAction","target":["https:\/\/www.croixblanchedesologne.com\/reservation-hotel-sologne"]}]},{"@type":"BreadcrumbList","@id":"https:\/\/www.croixblanchedesologne.com\/reservation-hotel-sologne#breadcrumb","itemListElement":[{"@type":"ListItem","position":1,"name":"Accueil","item":"https:\/\/www.croixblanchedesologne.com\/"},{"@type":"ListItem","position":2,"name":"Reservation Hotel Sologne"}]},{"@type":"WebSite","@id":"http:\/\/www.croixblanchedesologne.com\/en\/hotel-de-la-croix-blanche-de-sologne-english\/#website","url":"http:\/\/www.croixblanchedesologne.com\/en\/hotel-de-la-croix-blanche-de-sologne-english\/","name":"H\u00f4tel Restaurant La Croix Blanche de Sologne","description":"Hotel Restaurant en Sologne","publisher":{"@id":"http:\/\/www.croixblanchedesologne.com\/en\/hotel-de-la-croix-blanche-de-sologne-english\/#organization"},"potentialAction":[{"@type":"SearchAction","target":{"@type":"EntryPoint","urlTemplate":"http:\/\/www.croixblanchedesologne.com\/en\/hotel-de-la-croix-blanche-de-sologne-english\/?s={search_term_string}"},"query-input":{"@type":"PropertyValueSpecification","valueRequired":true,"valueName":"search_term_string"}}],"inLanguage":"en-US"},{"@type":"Organization","@id":"http:\/\/www.croixblanchedesologne.com\/en\/hotel-de-la-croix-blanche-de-sologne-english\/#organization","name":"H\u00f4tel Restaurant La Croix Blanche de Sologne","url":"http:\/\/www.croixblanchedesologne.com\/en\/hotel-de-la-croix-blanche-de-sologne-english\/","logo":{"@type":"ImageObject","inLanguage":"en-US","@id":"http:\/\/www.croixblanchedesologne.com\/en\/hotel-de-la-croix-blanche-de-sologne-english\/#\/schema\/logo\/image\/","url":"https:\/\/www.croixblanchedesologne.com\/wp-content\/uploads\/2020\/11\/logo-black.jpg","contentUrl":"https:\/\/www.croixblanchedesologne.com\/wp-content\/uploads\/2020\/11\/logo-black.jpg","width":1090,"height":226,"caption":"H\u00f4tel Restaurant La Croix Blanche de Sologne"},"image":{"@id":"http:\/\/www.croixblanchedesologne.com\/en\/hotel-de-la-croix-blanche-de-sologne-english\/#\/schema\/logo\/image\/"}}]}},"_links":{"self":[{"href":"https:\/\/www.croixblanchedesologne.com\/en\/wp-json\/wp\/v2\/pages\/28","targetHints":{"allow":["GET"]}}],"collection":[{"href":"https:\/\/www.croixblanchedesologne.com\/en\/wp-json\/wp\/v2\/pages"}],"about":[{"href":"https:\/\/www.croixblanchedesologne.com\/en\/wp-json\/wp\/v2\/types\/page"}],"author":[{"embeddable":true,"href":"https:\/\/www.croixblanchedesologne.com\/en\/wp-json\/wp\/v2\/users\/1"}],"replies":[{"embeddable":true,"href":"https:\/\/www.croixblanchedesologne.com\/en\/wp-json\/wp\/v2\/comments?post=28"}],"version-history":[{"count":1,"href":"https:\/\/www.croixblanchedesologne.com\/en\/wp-json\/wp\/v2\/pages\/28\/revisions"}],"predecessor-version":[{"id":3278,"href":"https:\/\/www.croixblanchedesologne.com\/en\/wp-json\/wp\/v2\/pages\/28\/revisions\/3278"}],"wp:attachment":[{"href":"https:\/\/www.croixblanchedesologne.com\/en\/wp-json\/wp\/v2\/media?parent=28"}],"curies":[{"name":"wp","href":"https:\/\/api.w.org\/{rel}","templated":true}]}}