{"id":460,"date":"2017-07-19T09:28:56","date_gmt":"2017-07-19T09:28:56","guid":{"rendered":"http:\/\/www.nicdarkthemes.com\/themes\/hotel\/wp\/demo\/?page_id=460"},"modified":"2024-05-08T11:29:31","modified_gmt":"2024-05-08T09:29:31","slug":"contact","status":"publish","type":"page","link":"https:\/\/www.croixblanchedesologne.com\/en\/contact","title":{"rendered":"Contact"},"content":{"rendered":"<div class=\"wpb-content-wrapper\"><div data-vc-full-width=\"true\" data-vc-full-width-temp=\"true\" data-vc-full-width-init=\"false\" data-vc-parallax=\"1.5\" data-vc-parallax-image=\"https:\/\/www.croixblanchedesologne.com\/wp-content\/uploads\/2020\/11\/Restaurant-Sologne-WhatsApp-Image-2020-10-12-at-17.13.08-5-1.jpg\" class=\"vc_row wpb_row vc_row-fluid nd_options_vc_parallax_filter_1_5 vc_custom_1606147112053 vc_row-has-fill vc_row-o-content-bottom vc_row-flex vc_general vc_parallax vc_parallax-content-moving\"><div class=\"wpb_column vc_column_container vc_col-sm-2\"><div class=\"vc_column-inner\"><div class=\"wpb_wrapper\"><\/div><\/div><\/div><div class=\"nd_options_text_align_center wpb_column vc_column_container vc_col-sm-8\"><div class=\"vc_column-inner\"><div class=\"wpb_wrapper\"> <h1 style=\"color:#ffffff;padding:px;text-align:center;font-size:50px;line-height:50px;letter-spacing: px;font-weight:lighter\" class=\"nd_options_font_size_40_important_all_iphone nd_options_first_font\">Contact us<\/h1> <div style=\"background-color:;height: 20px\" class=\"nicdark_section\"><\/div> <p style=\"color:#ffffff;padding:px;text-align:center;font-size:13px;line-height:25px;letter-spacing: 3px;font-weight:normal\" class=\"nd_options_second_font\">Hotel Restaurant at Chaumont-sur-Tharonne in Sologne<\/p> <div style=\"background-color:;height: 30px\" class=\"nicdark_section\"><\/div><\/div><\/div><\/div><div class=\"wpb_column vc_column_container vc_col-sm-2\"><div class=\"vc_column-inner\"><div class=\"wpb_wrapper\"><\/div><\/div><\/div><\/div><div class=\"vc_row-full-width vc_clearfix\"><\/div><div class=\"vc_row wpb_row vc_row-fluid vc_custom_1476343737841\"><div class=\"wpb_column vc_column_container vc_col-sm-6\"><div class=\"vc_column-inner\"><div class=\"wpb_wrapper\">\n\t<div class=\"wpb_text_column wpb_content_element\" >\n\t\t<div class=\"wpb_wrapper\">\n\t\t\t<p><span class=\"nicdark_font_size_70 nicdark_float_left nicdark_padding_28 nicdark_line_height_30 nd_options_first_font\">E<\/span>Please contact us if you have any questions about your reservation, the COVID situation, or to book a table at our gourmet restaurant.<\/p>\n\n\t\t<\/div>\n\t<\/div>\n<\/div><\/div><\/div><div class=\"wpb_column vc_column_container vc_col-sm-6\"><div class=\"vc_column-inner\"><div class=\"wpb_wrapper\">\n\t<div class=\"wpb_text_column wpb_content_element\" >\n\t\t<div class=\"wpb_wrapper\">\n\t\t\t<p>We aim to respond as soon as possible. If you would like to book a room or suite, please use <a href=\"\/en\/reservation\/\">our secure reservation system<\/a>. We offer on this site<a href=\"\/en\/sologne-hotel-reservation\/\"><strong> the best rates available.\u00a0<\/strong><\/a><\/p>\n\n\t\t<\/div>\n\t<\/div>\n<\/div><\/div><\/div><\/div><div class=\"vc_row wpb_row vc_row-fluid vc_custom_1492593618245\"><div class=\"wpb_column vc_column_container vc_col-sm-6\"><div class=\"vc_column-inner\"><div class=\"wpb_wrapper\"><div style=\"background-color:;height: 20px\" class=\"nicdark_section\"><\/div>\n\n    <!--start form-->\n    <div id=\"nd_options_shortcode_cf7_1072\" class=\"nd_options_section nd_options_border_1_solid_grey nd_options_bg_white\">\n\n      <div class=\"nd_options_section nd_options_padding_20 nd_options_box_sizing_border_box nd_options_bg_grey nd_options_border_bottom_1_solid_grey nd_options_text_align_center\">\n        <h6 style=\"background-color:\" class=\"nd_options_second_font nd_options_padding_5 nd_options_border_radius_3 nd_options_color_white nd_options_display_inline_block\"><\/h6>\n        <div class=\"nd_options_section nd_options_height_5\"><\/div>\n        <h1 class=\"\"><strong>Contact the hotel restaurant<\/strong><\/h1>\n      <\/div>\n      \n      <div class=\"nd_options_section nd_options_padding_20_50 nd_options_box_sizing_border_box\">\n        \n<div class=\"wpcf7 no-js\" id=\"wpcf7-f1072-o1\" lang=\"en-US\" dir=\"ltr\">\n<div class=\"screen-reader-response\"><p role=\"status\" aria-live=\"polite\" aria-atomic=\"true\"><\/p> <ul><\/ul><\/div>\n<form action=\"\/en\/wp-json\/wp\/v2\/pages\/460#wpcf7-f1072-o1\" method=\"post\" class=\"wpcf7-form init\" aria-label=\"Contact form\" novalidate=\"novalidate\" data-status=\"init\" data-trp-original-action=\"\/en\/wp-json\/wp\/v2\/pages\/460#wpcf7-f1072-o1\">\n<input type=\"hidden\" name=\"_wpcf7\" value=\"1072\" \/><input type=\"hidden\" name=\"_wpcf7_version\" value=\"6.1.5\" \/><input type=\"hidden\" name=\"_wpcf7_locale\" value=\"en_US\" \/><input type=\"hidden\" name=\"_wpcf7_unit_tag\" value=\"wpcf7-f1072-o1\" \/><input type=\"hidden\" name=\"_wpcf7_container_post\" value=\"0\" \/><input type=\"hidden\" name=\"_wpcf7_posted_data_hash\" value=\"\" \/>\n\n<p>Name :\n<\/p>\n<p><span class=\"wpcf7-form-control-wrap\" data-name=\"name-form\"><input size=\"40\" class=\"wpcf7-form-control wpcf7-text wpcf7-validates-as-required nd_options_padding_10_20_important nd_options_margin_top_10\" aria-required=\"true\" aria-invalid=\"false\" value=\"\" type=\"text\" name=\"name-form\" \/><\/span>\n<\/p>\n<p>Email :\n<\/p>\n<p><span class=\"wpcf7-form-control-wrap\" data-name=\"email\"><input size=\"40\" class=\"wpcf7-form-control wpcf7-email wpcf7-validates-as-required wpcf7-text wpcf7-validates-as-email nd_options_padding_10_20_important nd_options_margin_top_10\" aria-required=\"true\" aria-invalid=\"false\" value=\"\" type=\"email\" name=\"email\" \/><\/span>\n<\/p>\n<p>Message:\n<\/p>\n<p><span class=\"wpcf7-form-control-wrap\" data-name=\"message\"><textarea cols=\"40\" rows=\"5\" class=\"wpcf7-form-control wpcf7-textarea nd_options_padding_10_20_important nd_options_margin_top_10\" aria-invalid=\"false\" name=\"message\"><\/textarea><\/span><br \/>\n<input class=\"wpcf7-form-control wpcf7-submit has-spinner nd_booking_padding_15_30_important nd_options_second_font_important nd_options_color_white nd_options_display_inline_block nd_options_font_size_11 nd_options_font_weight_bold nd_options_letter_spacing_2 nd_options_section\" type=\"submit\" value=\"Send\" \/>\n<\/p><div class=\"wpcf7-response-output\" aria-hidden=\"true\"><\/div>\n<input type=\"hidden\" name=\"trp-form-language\" value=\"en\"\/><\/form>\n<\/div>\n \n      <\/div>  \n\n    <\/div>\n    <!--end form-->\n\n   <div style=\"background-color:;height: 20px\" class=\"nicdark_section\"><\/div><\/div><\/div><\/div><div class=\"wpb_column vc_column_container vc_col-sm-6\"><div class=\"vc_column-inner vc_custom_1606143761827\"><div class=\"wpb_wrapper\"><div style=\"background-color:;height: 20px\" class=\"nicdark_section\"><\/div> <h2 style=\"color:#1c1c1c;padding:px;text-align:;font-size:25px;line-height:25px;letter-spacing: px;font-weight:normal\" class=\"nd_options_first_font\">F.A.Q<\/h2> <div style=\"background-color:;height: 30px\" class=\"nicdark_section\"><\/div>\n\t<div class=\"wpb_text_column wpb_content_element\" >\n\t\t<div class=\"wpb_wrapper\">\n\t\t\t<p>Find answers to all the usual questions in this Frequently Asked Questions section.<\/p>\n\n\t\t<\/div>\n\t<\/div>\n<div style=\"background-color:;height: 25px\" class=\"nicdark_section\"><\/div>\n\n    <div class=\"nd_options_section nd_options_toogles_contact_2\">\n\n      <div class=\"nd_options_section nd_options_box_sizing_border_box\">\n        <p class=\"nd_options_toogle_title nd_options_first_font nd_options_font_size_17 nd_options_position_relative nd_options_padding_right_20 nd_options_padding_top_5 nd_options_padding_left_45 nd_options_padding_bottom_5\">\n          <span style=\"background-color:#a42c13\" class=\"nd_options_cursor_pointer nd_options_text_align_center nd_options_toogle_title_open_346 nd_options_width_25 nd_options_height_25  nd_options_position_absolute nd_options_top_0 nd_options_left_0\">\n            <img decoding=\"async\" alt=\"\" class=\"nd_options_margin_top_6\" width=\"12\" src=\"https:\/\/www.croixblanchedesologne.com\/wp-content\/plugins\/nd-shortcodes\/shortcodes\/custom\/toogle\/icon-add-white.png\">\n          <\/span> \n          <span style=\"background-color:#a42c13\" class=\"nd_options_cursor_pointer nd_options_text_align_center nd_options_toogle_title_close_346 nd_options_width_25 nd_options_display_none nd_options_height_25  nd_options_position_absolute nd_options_top_0 nd_options_left_0\">\n            <img decoding=\"async\" alt=\"\" class=\"nd_options_margin_top_6\" width=\"12\" src=\"https:\/\/www.croixblanchedesologne.com\/wp-content\/plugins\/nd-shortcodes\/shortcodes\/custom\/toogle\/icon-less-white.png\">\n          <\/span>\n          Can I cancel a reservation?\n        <\/p>\n      <\/div>\n      \n      <div class=\"nd_options_display_none nd_options_padding_20 nd_options_padding_left_45 nd_options_toogle_content_346 nd_options_section nd_options_box_sizing_border_box\">\n        <p>You can cancel your booking up to 48 hours before arrival. To cancel a reservation, please contact us directly.<\/p>\n      <\/div>\n\n    <\/div>\n\n   <div style=\"background-color:;height: 18px\" class=\"nicdark_section\"><\/div>\n\n    <div class=\"nd_options_section nd_options_toogles_contact_2\">\n\n      <div class=\"nd_options_section nd_options_box_sizing_border_box\">\n        <p class=\"nd_options_toogle_title nd_options_first_font nd_options_font_size_17 nd_options_position_relative nd_options_padding_right_20 nd_options_padding_top_5 nd_options_padding_left_45 nd_options_padding_bottom_5\">\n          <span style=\"background-color:#a42c13\" class=\"nd_options_cursor_pointer nd_options_text_align_center nd_options_toogle_title_open_433 nd_options_width_25 nd_options_height_25  nd_options_position_absolute nd_options_top_0 nd_options_left_0\">\n            <img decoding=\"async\" alt=\"\" class=\"nd_options_margin_top_6\" width=\"12\" src=\"https:\/\/www.croixblanchedesologne.com\/wp-content\/plugins\/nd-shortcodes\/shortcodes\/custom\/toogle\/icon-add-white.png\">\n          <\/span> \n          <span style=\"background-color:#a42c13\" class=\"nd_options_cursor_pointer nd_options_text_align_center nd_options_toogle_title_close_433 nd_options_width_25 nd_options_display_none nd_options_height_25  nd_options_position_absolute nd_options_top_0 nd_options_left_0\">\n            <img decoding=\"async\" alt=\"\" class=\"nd_options_margin_top_6\" width=\"12\" src=\"https:\/\/www.croixblanchedesologne.com\/wp-content\/plugins\/nd-shortcodes\/shortcodes\/custom\/toogle\/icon-less-white.png\">\n          <\/span>\n          Do you accept pets?\n        <\/p>\n      <\/div>\n      \n      <div class=\"nd_options_display_none nd_options_padding_20 nd_options_padding_left_45 nd_options_toogle_content_433 nd_options_section nd_options_box_sizing_border_box\">\n        <p>Yes, with an extra charge of \u20ac12<\/p>\n      <\/div>\n\n    <\/div>\n\n   <div style=\"background-color:;height: 18px\" class=\"nicdark_section\"><\/div>\n\n    <div class=\"nd_options_section nd_options_toogles_contact_2\">\n\n      <div class=\"nd_options_section nd_options_box_sizing_border_box\">\n        <p class=\"nd_options_toogle_title nd_options_first_font nd_options_font_size_17 nd_options_position_relative nd_options_padding_right_20 nd_options_padding_top_5 nd_options_padding_left_45 nd_options_padding_bottom_5\">\n          <span style=\"background-color:#a42c13\" class=\"nd_options_cursor_pointer nd_options_text_align_center nd_options_toogle_title_open_935 nd_options_width_25 nd_options_height_25  nd_options_position_absolute nd_options_top_0 nd_options_left_0\">\n            <img decoding=\"async\" alt=\"\" class=\"nd_options_margin_top_6\" width=\"12\" src=\"https:\/\/www.croixblanchedesologne.com\/wp-content\/plugins\/nd-shortcodes\/shortcodes\/custom\/toogle\/icon-add-white.png\">\n          <\/span> \n          <span style=\"background-color:#a42c13\" class=\"nd_options_cursor_pointer nd_options_text_align_center nd_options_toogle_title_close_935 nd_options_width_25 nd_options_display_none nd_options_height_25  nd_options_position_absolute nd_options_top_0 nd_options_left_0\">\n            <img decoding=\"async\" alt=\"\" class=\"nd_options_margin_top_6\" width=\"12\" src=\"https:\/\/www.croixblanchedesologne.com\/wp-content\/plugins\/nd-shortcodes\/shortcodes\/custom\/toogle\/icon-less-white.png\">\n          <\/span>\n          Are payments secure on your site?\n        <\/p>\n      <\/div>\n      \n      <div class=\"nd_options_display_none nd_options_padding_20 nd_options_padding_left_45 nd_options_toogle_content_935 nd_options_section nd_options_box_sizing_border_box\">\n        <p>Payments are secure (encrypted via SSL) on this website (small padlock next to the address bar in your browser).<\/p>\n      <\/div>\n\n    <\/div>\n\n   <div style=\"background-color:;height: 18px\" class=\"nicdark_section\"><\/div>\n\n    <div class=\"nd_options_section nd_options_toogles_contact_2\">\n\n      <div class=\"nd_options_section nd_options_box_sizing_border_box\">\n        <p class=\"nd_options_toogle_title nd_options_first_font nd_options_font_size_17 nd_options_position_relative nd_options_padding_right_20 nd_options_padding_top_5 nd_options_padding_left_45 nd_options_padding_bottom_5\">\n          <span style=\"background-color:#a42c13\" class=\"nd_options_cursor_pointer nd_options_text_align_center nd_options_toogle_title_open_78 nd_options_width_25 nd_options_height_25  nd_options_position_absolute nd_options_top_0 nd_options_left_0\">\n            <img decoding=\"async\" alt=\"\" class=\"nd_options_margin_top_6\" width=\"12\" src=\"https:\/\/www.croixblanchedesologne.com\/wp-content\/plugins\/nd-shortcodes\/shortcodes\/custom\/toogle\/icon-add-white.png\">\n          <\/span> \n          <span style=\"background-color:#a42c13\" class=\"nd_options_cursor_pointer nd_options_text_align_center nd_options_toogle_title_close_78 nd_options_width_25 nd_options_display_none nd_options_height_25  nd_options_position_absolute nd_options_top_0 nd_options_left_0\">\n            <img decoding=\"async\" alt=\"\" class=\"nd_options_margin_top_6\" width=\"12\" src=\"https:\/\/www.croixblanchedesologne.com\/wp-content\/plugins\/nd-shortcodes\/shortcodes\/custom\/toogle\/icon-less-white.png\">\n          <\/span>\n          Can the restaurant be booked for groups?\n        <\/p>\n      <\/div>\n      \n      <div class=\"nd_options_display_none nd_options_padding_20 nd_options_padding_left_45 nd_options_toogle_content_78 nd_options_section nd_options_box_sizing_border_box\">\n        <p>It is possible to book the restaurant or rooms for groups. Please contact us for rates and details.<\/p>\n      <\/div>\n\n    <\/div>\n\n   <div style=\"background-color:;height: 18px\" class=\"nicdark_section\"><\/div><div style=\"background-color:;height: 20px\" class=\"nicdark_section\"><\/div><\/div><\/div><\/div><\/div><div data-vc-full-width=\"true\" data-vc-full-width-temp=\"true\" data-vc-full-width-init=\"false\" data-vc-stretch-content=\"true\" class=\"vc_row wpb_row vc_row-fluid vc_custom_1476114800174 vc_row-no-padding\"><div class=\"wpb_column vc_column_container vc_col-sm-12\"><div class=\"vc_column-inner\"><div class=\"wpb_wrapper\">\n\t<div class=\"wpb_raw_code wpb_raw_html wpb_content_element\" >\n\t\t<div class=\"wpb_wrapper\">\n\t\t\t<iframe loading=\"lazy\" src=\"https:\/\/www.google.com\/maps\/embed?pb=!1m18!1m12!1m3!1d2689.804931224158!2d1.9028767157229591!3d47.61048259570289!2m3!1f0!2f0!3f0!3m2!1i1024!2i768!4f13.1!3m3!1m2!1s0x47e4da3e23df2847%3A0x1d59f289167af641!2sLa%20Croix%20Blanche%20De%20Sologne!5e0!3m2!1sfr!2sde!4v1606143358132!5m2!1sfr!2sde\" width=\"1600\" height=\"450\" frameborder=\"0\" style=\"border:0;\" allowfullscreen=\"\" aria-hidden=\"false\" tabindex=\"0\"><\/iframe>\n\t\t<\/div>\n\t<\/div>\n<\/div><\/div><\/div><\/div><div class=\"vc_row-full-width vc_clearfix\"><\/div>\n<\/div>","protected":false},"excerpt":{"rendered":"Contact us Hotel Restaurant in Chaumont-sur-Tharonne in Sologne Write to us if you have any questions about your reservation, the COVID situation, or to book a table at our gourmet restaurant. We'll get back to you as soon as possible. If you wish to reserve a room or suite, please use our secure reservation system. We offer [...]","protected":false},"author":1,"featured_media":0,"parent":0,"menu_order":0,"comment_status":"closed","ping_status":"closed","template":"","meta":{"footnotes":""},"class_list":["post-460","page","type-page","status-publish","hentry"],"yoast_head":"<!-- This site is optimized with the Yoast SEO plugin v27.5 - https:\/\/yoast.com\/product\/yoast-seo-wordpress\/ -->\n<title>Contact - H\u00f4tel Restaurant La Croix Blanche de Sologne<\/title>\n<meta name=\"description\" content=\"Contactez l&#039;h\u00f4tel \u00e0 Chaumont sur Tharonne en Sologne, hotel restaurant auberge La Croix Blanche de Sologne\" \/>\n<meta name=\"robots\" content=\"index, follow, max-snippet:-1, max-image-preview:large, max-video-preview:-1\" \/>\n<link rel=\"canonical\" href=\"https:\/\/www.croixblanchedesologne.com\/en\/contact\" \/>\n<meta property=\"og:locale\" content=\"en_US\" \/>\n<meta property=\"og:type\" content=\"article\" \/>\n<meta property=\"og:title\" content=\"Contact - H\u00f4tel Restaurant La Croix Blanche de Sologne\" \/>\n<meta property=\"og:description\" content=\"Contactez l&#039;h\u00f4tel \u00e0 Chaumont sur Tharonne en Sologne, hotel restaurant auberge La Croix Blanche de Sologne\" \/>\n<meta property=\"og:url\" content=\"https:\/\/www.croixblanchedesologne.com\/en\/contact\" \/>\n<meta property=\"og:site_name\" content=\"H\u00f4tel Restaurant La Croix Blanche de Sologne\" \/>\n<meta property=\"article:modified_time\" content=\"2024-05-08T09:29:31+00:00\" \/>\n<meta name=\"twitter:card\" content=\"summary_large_image\" \/>\n<meta name=\"twitter:label1\" content=\"Est. reading time\" \/>\n\t<meta name=\"twitter:data1\" content=\"2 minutes\" \/>\n<script type=\"application\/ld+json\" class=\"yoast-schema-graph\">{\"@context\":\"https:\\\/\\\/schema.org\",\"@graph\":[{\"@type\":\"WebPage\",\"@id\":\"https:\\\/\\\/www.croixblanchedesologne.com\\\/contact\",\"url\":\"https:\\\/\\\/www.croixblanchedesologne.com\\\/contact\",\"name\":\"Contact - H\u00f4tel Restaurant La Croix Blanche de Sologne\",\"isPartOf\":{\"@id\":\"http:\\\/\\\/www.croixblanchedesologne.com\\\/en\\\/hotel-de-la-croix-blanche-de-sologne-english\\\/#website\"},\"datePublished\":\"2017-07-19T09:28:56+00:00\",\"dateModified\":\"2024-05-08T09:29:31+00:00\",\"description\":\"Contactez l'h\u00f4tel \u00e0 Chaumont sur Tharonne en Sologne, hotel restaurant auberge La Croix Blanche de Sologne\",\"breadcrumb\":{\"@id\":\"https:\\\/\\\/www.croixblanchedesologne.com\\\/contact#breadcrumb\"},\"inLanguage\":\"en-US\",\"potentialAction\":[{\"@type\":\"ReadAction\",\"target\":[\"https:\\\/\\\/www.croixblanchedesologne.com\\\/contact\"]}]},{\"@type\":\"BreadcrumbList\",\"@id\":\"https:\\\/\\\/www.croixblanchedesologne.com\\\/contact#breadcrumb\",\"itemListElement\":[{\"@type\":\"ListItem\",\"position\":1,\"name\":\"Accueil\",\"item\":\"https:\\\/\\\/www.croixblanchedesologne.com\\\/\"},{\"@type\":\"ListItem\",\"position\":2,\"name\":\"Contact\"}]},{\"@type\":\"WebSite\",\"@id\":\"http:\\\/\\\/www.croixblanchedesologne.com\\\/en\\\/hotel-de-la-croix-blanche-de-sologne-english\\\/#website\",\"url\":\"http:\\\/\\\/www.croixblanchedesologne.com\\\/en\\\/hotel-de-la-croix-blanche-de-sologne-english\\\/\",\"name\":\"H\u00f4tel Restaurant La Croix Blanche de Sologne\",\"description\":\"Hotel Restaurant en Sologne\",\"publisher\":{\"@id\":\"http:\\\/\\\/www.croixblanchedesologne.com\\\/en\\\/hotel-de-la-croix-blanche-de-sologne-english\\\/#organization\"},\"potentialAction\":[{\"@type\":\"SearchAction\",\"target\":{\"@type\":\"EntryPoint\",\"urlTemplate\":\"http:\\\/\\\/www.croixblanchedesologne.com\\\/en\\\/hotel-de-la-croix-blanche-de-sologne-english\\\/?s={search_term_string}\"},\"query-input\":{\"@type\":\"PropertyValueSpecification\",\"valueRequired\":true,\"valueName\":\"search_term_string\"}}],\"inLanguage\":\"en-US\"},{\"@type\":\"Organization\",\"@id\":\"http:\\\/\\\/www.croixblanchedesologne.com\\\/en\\\/hotel-de-la-croix-blanche-de-sologne-english\\\/#organization\",\"name\":\"H\u00f4tel Restaurant La Croix Blanche de Sologne\",\"url\":\"http:\\\/\\\/www.croixblanchedesologne.com\\\/en\\\/hotel-de-la-croix-blanche-de-sologne-english\\\/\",\"logo\":{\"@type\":\"ImageObject\",\"inLanguage\":\"en-US\",\"@id\":\"http:\\\/\\\/www.croixblanchedesologne.com\\\/en\\\/hotel-de-la-croix-blanche-de-sologne-english\\\/#\\\/schema\\\/logo\\\/image\\\/\",\"url\":\"https:\\\/\\\/www.croixblanchedesologne.com\\\/wp-content\\\/uploads\\\/2020\\\/11\\\/logo-black.jpg\",\"contentUrl\":\"https:\\\/\\\/www.croixblanchedesologne.com\\\/wp-content\\\/uploads\\\/2020\\\/11\\\/logo-black.jpg\",\"width\":1090,\"height\":226,\"caption\":\"H\u00f4tel Restaurant La Croix Blanche de Sologne\"},\"image\":{\"@id\":\"http:\\\/\\\/www.croixblanchedesologne.com\\\/en\\\/hotel-de-la-croix-blanche-de-sologne-english\\\/#\\\/schema\\\/logo\\\/image\\\/\"}}]}<\/script>\n<!-- \/ Yoast SEO plugin. -->","yoast_head_json":{"title":"Contact - H\u00f4tel Restaurant La Croix Blanche de Sologne","description":"Contactez l'h\u00f4tel \u00e0 Chaumont sur Tharonne en Sologne, hotel restaurant auberge La Croix Blanche de Sologne","robots":{"index":"index","follow":"follow","max-snippet":"max-snippet:-1","max-image-preview":"max-image-preview:large","max-video-preview":"max-video-preview:-1"},"canonical":"https:\/\/www.croixblanchedesologne.com\/en\/contact","og_locale":"en_US","og_type":"article","og_title":"Contact - H\u00f4tel Restaurant La Croix Blanche de Sologne","og_description":"Contactez l'h\u00f4tel \u00e0 Chaumont sur Tharonne en Sologne, hotel restaurant auberge La Croix Blanche de Sologne","og_url":"https:\/\/www.croixblanchedesologne.com\/en\/contact","og_site_name":"H\u00f4tel Restaurant La Croix Blanche de Sologne","article_modified_time":"2024-05-08T09:29:31+00:00","twitter_card":"summary_large_image","twitter_misc":{"Est. reading time":"2 minutes"},"schema":{"@context":"https:\/\/schema.org","@graph":[{"@type":"WebPage","@id":"https:\/\/www.croixblanchedesologne.com\/contact","url":"https:\/\/www.croixblanchedesologne.com\/contact","name":"Contact - H\u00f4tel Restaurant La Croix Blanche de Sologne","isPartOf":{"@id":"http:\/\/www.croixblanchedesologne.com\/en\/hotel-de-la-croix-blanche-de-sologne-english\/#website"},"datePublished":"2017-07-19T09:28:56+00:00","dateModified":"2024-05-08T09:29:31+00:00","description":"Contactez l'h\u00f4tel \u00e0 Chaumont sur Tharonne en Sologne, hotel restaurant auberge La Croix Blanche de Sologne","breadcrumb":{"@id":"https:\/\/www.croixblanchedesologne.com\/contact#breadcrumb"},"inLanguage":"en-US","potentialAction":[{"@type":"ReadAction","target":["https:\/\/www.croixblanchedesologne.com\/contact"]}]},{"@type":"BreadcrumbList","@id":"https:\/\/www.croixblanchedesologne.com\/contact#breadcrumb","itemListElement":[{"@type":"ListItem","position":1,"name":"Accueil","item":"https:\/\/www.croixblanchedesologne.com\/"},{"@type":"ListItem","position":2,"name":"Contact"}]},{"@type":"WebSite","@id":"http:\/\/www.croixblanchedesologne.com\/en\/hotel-de-la-croix-blanche-de-sologne-english\/#website","url":"http:\/\/www.croixblanchedesologne.com\/en\/hotel-de-la-croix-blanche-de-sologne-english\/","name":"H\u00f4tel Restaurant La Croix Blanche de Sologne","description":"Hotel Restaurant en Sologne","publisher":{"@id":"http:\/\/www.croixblanchedesologne.com\/en\/hotel-de-la-croix-blanche-de-sologne-english\/#organization"},"potentialAction":[{"@type":"SearchAction","target":{"@type":"EntryPoint","urlTemplate":"http:\/\/www.croixblanchedesologne.com\/en\/hotel-de-la-croix-blanche-de-sologne-english\/?s={search_term_string}"},"query-input":{"@type":"PropertyValueSpecification","valueRequired":true,"valueName":"search_term_string"}}],"inLanguage":"en-US"},{"@type":"Organization","@id":"http:\/\/www.croixblanchedesologne.com\/en\/hotel-de-la-croix-blanche-de-sologne-english\/#organization","name":"H\u00f4tel Restaurant La Croix Blanche de Sologne","url":"http:\/\/www.croixblanchedesologne.com\/en\/hotel-de-la-croix-blanche-de-sologne-english\/","logo":{"@type":"ImageObject","inLanguage":"en-US","@id":"http:\/\/www.croixblanchedesologne.com\/en\/hotel-de-la-croix-blanche-de-sologne-english\/#\/schema\/logo\/image\/","url":"https:\/\/www.croixblanchedesologne.com\/wp-content\/uploads\/2020\/11\/logo-black.jpg","contentUrl":"https:\/\/www.croixblanchedesologne.com\/wp-content\/uploads\/2020\/11\/logo-black.jpg","width":1090,"height":226,"caption":"H\u00f4tel Restaurant La Croix Blanche de Sologne"},"image":{"@id":"http:\/\/www.croixblanchedesologne.com\/en\/hotel-de-la-croix-blanche-de-sologne-english\/#\/schema\/logo\/image\/"}}]}},"_links":{"self":[{"href":"https:\/\/www.croixblanchedesologne.com\/en\/wp-json\/wp\/v2\/pages\/460","targetHints":{"allow":["GET"]}}],"collection":[{"href":"https:\/\/www.croixblanchedesologne.com\/en\/wp-json\/wp\/v2\/pages"}],"about":[{"href":"https:\/\/www.croixblanchedesologne.com\/en\/wp-json\/wp\/v2\/types\/page"}],"author":[{"embeddable":true,"href":"https:\/\/www.croixblanchedesologne.com\/en\/wp-json\/wp\/v2\/users\/1"}],"replies":[{"embeddable":true,"href":"https:\/\/www.croixblanchedesologne.com\/en\/wp-json\/wp\/v2\/comments?post=460"}],"version-history":[{"count":0,"href":"https:\/\/www.croixblanchedesologne.com\/en\/wp-json\/wp\/v2\/pages\/460\/revisions"}],"wp:attachment":[{"href":"https:\/\/www.croixblanchedesologne.com\/en\/wp-json\/wp\/v2\/media?parent=460"}],"curies":[{"name":"wp","href":"https:\/\/api.w.org\/{rel}","templated":true}]}}